{"id":1059599,"date":"2022-07-22T07:20:54","date_gmt":"2022-07-22T11:20:54","guid":{"rendered":"https:\/\/fabrics.cmtextiles.com\/?page_id=1059599"},"modified":"2025-04-10T14:45:15","modified_gmt":"2025-04-10T18:45:15","slug":"accueil-2","status":"publish","type":"page","link":"https:\/\/fabrics.cmtextiles.com\/fr\/","title":{"rendered":"Accueil"},"content":{"rendered":"\n\n\t<p>\u00c0 Propos<\/p>\n\t\t\t\t<img loading=\"lazy\" decoding=\"async\" src=\"https:\/\/fabrics.cmtextiles.com\/wp-content\/uploads\/2022\/08\/our-story.jpg\" alt=\"Notre Histoire\" itemprop=\"image\" height=\"768\" width=\"768\" title=\"Notre Histoire\" onerror=\"this.style.display='none'\"  \/>\n<h2>\n\t\tNotre Histoire\n\t<\/h2>\n\t<p>Pour C&amp;M Textiles, tout a commenc\u00e9 par des tissus il y a plus de 70 ans. Gr\u00e2ce \u00e0 nos d\u00e9cennies dans l&rsquo;industrie, nous avons \u00e9tabli des relations durables avec des fournisseurs de tissus du monde entier pour vous offrir de fabuleux produits en vogue aux prix les plus bas.<\/p>\n\t\t\t<a href=\"https:\/\/fabrics.cmtextiles.com\/fr\/nos-magasins\/\" target=\"_self\">\n\t\t\t\t\t\tNos Magasins\n\t\t\t\t\t<\/a>\n<h1>Magasinez par rayon Magasinez par rayon Magasinez par rayon Magasinez par rayon Magasinez par rayon Magasinez par rayon<\/h1>\n\t\t\t\t<a href=\"https:\/\/fabrics.cmtextiles.com\/fr\/categorie-produit\/tissus\/\"  target=\"_self\" itemprop=\"url\">\n\t\t\t\t<img loading=\"lazy\" decoding=\"async\" src=\"https:\/\/fabrics.cmtextiles.com\/wp-content\/uploads\/2022\/08\/Fabrics.png\" alt=\"Tissus\" itemprop=\"image\" height=\"370\" width=\"310\" title=\"Tissus\" onerror=\"this.style.display='none'\"  \/>\n\t\t\t\t<\/a>\n<h3>\n\t\t<a href=\"#\" title=\"Tissus\"  target=\"_self\">\n\t\tTissus\n\t\t<\/a>\n\t<\/h3>\n\t\t\t\t<a href=\"https:\/\/fabrics.cmtextiles.com\/fr\/rideaux-sur-mesure\/\"  target=\"_self\" itemprop=\"url\">\n\t\t\t\t<img loading=\"lazy\" decoding=\"async\" src=\"https:\/\/fabrics.cmtextiles.com\/wp-content\/uploads\/2022\/08\/Drapes.png\" alt=\"Rideaux\" itemprop=\"image\" height=\"370\" width=\"310\" title=\"Rideaux\" onerror=\"this.style.display='none'\"  \/>\n\t\t\t\t<\/a>\n<h3>\n\t\t<a href=\"#\" title=\"Rideaux\"  target=\"_self\">\n\t\tRideaux\n\t\t<\/a>\n\t<\/h3>\n\t\t\t\t<a href=\"https:\/\/fabrics.cmtextiles.com\/fr\/habillages-de-fenetre\/\"  target=\"_self\" itemprop=\"url\">\n\t\t\t\t<img loading=\"lazy\" decoding=\"async\" src=\"https:\/\/fabrics.cmtextiles.com\/wp-content\/uploads\/2022\/08\/Windows.png\" alt=\"Fen\u00eatres\" itemprop=\"image\" height=\"370\" width=\"310\" title=\"Fen\u00eatres\" onerror=\"this.style.display='none'\"  \/>\n\t\t\t\t<\/a>\n<h3>\n\t\t<a href=\"#\" title=\"Fen\u00eatres\"  target=\"_self\">\n\t\tFen\u00eatres\n\t\t<\/a>\n\t<\/h3>\n\t\t\t\t<a href=\"https:\/\/fabrics.cmtextiles.com\/fr\/store-sur-mesure\/\"  target=\"_self\" itemprop=\"url\">\n\t\t\t\t<img loading=\"lazy\" decoding=\"async\" src=\"https:\/\/fabrics.cmtextiles.com\/wp-content\/uploads\/2022\/08\/Blinds.png\" alt=\"Stores\" itemprop=\"image\" height=\"370\" width=\"310\" title=\"Stores\" onerror=\"this.style.display='none'\"  \/>\n\t\t\t\t<\/a>\n<h3>\n\t\t<a href=\"#\" title=\"Stores\"  target=\"_self\">\n\t\tStores\n\t\t<\/a>\n\t<\/h3>\n\t\t\t\t<a href=\"https:\/\/fabrics.cmtextiles.com\/fr\/habillages-de-fenetre\/\"  target=\"_self\" itemprop=\"url\">\n\t\t\t\t<img loading=\"lazy\" decoding=\"async\" src=\"https:\/\/fabrics.cmtextiles.com\/wp-content\/uploads\/2022\/08\/Blackout.png\" alt=\"Opacit\u00e9\" itemprop=\"image\" height=\"370\" width=\"310\" title=\"Opacit\u00e9\" onerror=\"this.style.display='none'\"  \/>\n\t\t\t\t<\/a>\n<h3>\n\t\t<a href=\"#\" title=\"Opacit\u00e9\"  target=\"_self\">\n\t\tOpacit\u00e9\n\t\t<\/a>\n\t<\/h3>\n\t\t\t\t<a href=\"https:\/\/fabrics.cmtextiles.com\/fr\/?page_id=1059742\"  target=\"_self\" itemprop=\"url\">\n\t\t\t\t<img loading=\"lazy\" decoding=\"async\" src=\"https:\/\/fabrics.cmtextiles.com\/wp-content\/uploads\/2022\/08\/Motorization.png\" alt=\"Consultation\" itemprop=\"image\" height=\"370\" width=\"310\" title=\"Consultation\" onerror=\"this.style.display='none'\"  \/>\n\t\t\t\t<\/a>\n<h3>\n\t\t<a href=\"#\" title=\"Consultation\"  target=\"_self\">\n\t\tConsultation\n\t\t<\/a>\n\t<\/h3>\n\t\t\t\t<a href=\"https:\/\/fabrics.cmtextiles.com\/fr\/rembourrage\/\"  target=\"_self\" itemprop=\"url\">\n\t\t\t\t<img loading=\"lazy\" decoding=\"async\" src=\"https:\/\/fabrics.cmtextiles.com\/wp-content\/uploads\/2022\/08\/Upholstery.png\" alt=\"Literie\" itemprop=\"image\" height=\"370\" width=\"310\" title=\"Literie\" onerror=\"this.style.display='none'\"  \/>\n\t\t\t\t<\/a>\n<h3>\n\t\t<a href=\"#\" title=\"Literie\"  target=\"_self\">\n\t\tLiterie\n\t\t<\/a>\n\t<\/h3>\n\t\t\t\t<a href=\"https:\/\/fabrics.cmtextiles.com\/fr\/categorie-produit\/tissus\/literie\/\"  target=\"_self\" itemprop=\"url\">\n\t\t\t\t<img loading=\"lazy\" decoding=\"async\" src=\"https:\/\/fabrics.cmtextiles.com\/wp-content\/uploads\/2022\/08\/Bedding.png\" alt=\"Rembourage\" itemprop=\"image\" height=\"370\" width=\"310\" title=\"Rembourage\" onerror=\"this.style.display='none'\"  \/>\n\t\t\t\t<\/a>\n<h3>\n\t\t<a href=\"#\" title=\"Rembourage\"  target=\"_self\">\n\t\tRembourage\n\t\t<\/a>\n\t<\/h3>\n<h3>\n\t\tNous Embauchons\n\t<\/h3>\n\t<p>En tant qu&rsquo;entreprise en pleine croissance avec 4 magasins, nous sommes toujours \u00e0 la recherche des candidats qualifi\u00e9s pour rejoindre notre famille. Si vous \u00eates passionn\u00e9 par la d\u00e9coration int\u00e9rieure et appr\u00e9ciez un environnement au rythme rapide qui r\u00e9compense le travail acharn\u00e9, consultez notre page d&rsquo;opportunit\u00e9s.<\/p>\n\t\t\t<a href=\"https:\/\/fabrics.cmtextiles.com\/fr\/carrieres\/\" target=\"_self\">\n\t\t\t\t\t\tCarri\u00e8re chez C&#038;M\n\t\t\t\t\t<\/a>\n\t\t\t\t<img loading=\"lazy\" decoding=\"async\" src=\"https:\/\/fabrics.cmtextiles.com\/wp-content\/uploads\/2025\/04\/CM-Textiles-Hiring-9_16-French.jpg\" alt=\"CM Textiles Hiring 9_16 French\" itemprop=\"image\" height=\"1920\" width=\"1080\" title=\"CM Textiles Hiring 9_16 French\" onerror=\"this.style.display='none'\"  \/>\n\t<p><a href=\"https:\/\/www.instagram.com\/cmtextiles\/\">@cmtextiles<\/a><\/p>\n\t<p>Suivez-nous <a href=\"https:\/\/www.instagram.com\/cmtextiles\/\">sur Instagram<\/a><\/p>\n\t[juicer name=\u00a0\u00bbcmtextiles\u00a0\u00bb]\n<h3>\n\t\tRester au courant\n\t<\/h3>\n\t<p>[mc4wp_form id=\u00a0\u00bb1058239&Prime;]<\/p>\n\n","protected":false},"excerpt":{"rendered":"<p>\u00c0 Propos Notre Histoire Pour C&amp;M Textiles, tout a commenc\u00e9 par des tissus il y a plus de 70 ans. Gr\u00e2ce \u00e0 nos d\u00e9cennies dans l&rsquo;industrie, nous avons \u00e9tabli des relations durables avec des fournisseurs de tissus du monde entier pour vous offrir de fabuleux produits en vogue aux prix les plus bas. Nos Magasins&hellip;<\/p>\n","protected":false},"author":85,"featured_media":0,"parent":0,"menu_order":0,"comment_status":"closed","ping_status":"closed","template":"","meta":{"footnotes":""},"class_list":["post-1059599","page","type-page","status-publish","hentry"],"_links":{"self":[{"href":"https:\/\/fabrics.cmtextiles.com\/fr\/wp-json\/wp\/v2\/pages\/1059599","targetHints":{"allow":["GET"]}}],"collection":[{"href":"https:\/\/fabrics.cmtextiles.com\/fr\/wp-json\/wp\/v2\/pages"}],"about":[{"href":"https:\/\/fabrics.cmtextiles.com\/fr\/wp-json\/wp\/v2\/types\/page"}],"author":[{"embeddable":true,"href":"https:\/\/fabrics.cmtextiles.com\/fr\/wp-json\/wp\/v2\/users\/85"}],"replies":[{"embeddable":true,"href":"https:\/\/fabrics.cmtextiles.com\/fr\/wp-json\/wp\/v2\/comments?post=1059599"}],"version-history":[{"count":11,"href":"https:\/\/fabrics.cmtextiles.com\/fr\/wp-json\/wp\/v2\/pages\/1059599\/revisions"}],"predecessor-version":[{"id":1062566,"href":"https:\/\/fabrics.cmtextiles.com\/fr\/wp-json\/wp\/v2\/pages\/1059599\/revisions\/1062566"}],"wp:attachment":[{"href":"https:\/\/fabrics.cmtextiles.com\/fr\/wp-json\/wp\/v2\/media?parent=1059599"}],"curies":[{"name":"wp","href":"https:\/\/api.w.org\/{rel}","templated":true}]}}