{"id":22833,"date":"2018-05-23T00:11:17","date_gmt":"2018-05-23T04:11:17","guid":{"rendered":"https:\/\/fabrics.cmtextiles.com\/fr\/produit\/flamenco-3\/"},"modified":"2025-06-14T03:16:16","modified_gmt":"2025-06-14T07:16:16","slug":"flamenco-3","status":"publish","type":"product","link":"https:\/\/fabrics.cmtextiles.com\/fr\/product\/flamenco-3\/","title":{"rendered":"Flamenco"},"content":{"rendered":"<p>81% Polyester, 19% Coton<br \/>\nR\u00e9p\u00e9tez Vertical: 33&Prime;<br \/>\nR\u00e9p\u00e9tition Horizontale: 14&Prime;<\/p>\n","protected":false},"excerpt":{"rendered":"<p>81% Polyester, 19% Coton R\u00e9p\u00e9tez Vertical: 33&Prime; R\u00e9p\u00e9tition Horizontale: 14&Prime;<\/p>\n","protected":false},"featured_media":1044738,"template":"","meta":[],"product_brand":[],"product_cat":[7555,7531,1366,1368,5584,811],"product_tag":[7589],"class_list":{"0":"post-22833","1":"product","2":"type-product","3":"status-publish","4":"has-post-thumbnail","6":"product_cat-fabric-by-the-yard-fr","7":"product_cat-motif-fr","8":"product_cat-polyvalent","9":"product_cat-rembourrage","10":"product_cat-rideaux","11":"product_cat-tissus","12":"product_tag-updated-price-fr","13":"pa_color-brown-fr","14":"pa_color-grey-fr","16":"first","17":"instock","18":"taxable","19":"shipping-taxable","20":"purchasable","21":"product-type-variable"},"_links":{"self":[{"href":"https:\/\/fabrics.cmtextiles.com\/fr\/wp-json\/wp\/v2\/product\/22833","targetHints":{"allow":["GET"]}}],"collection":[{"href":"https:\/\/fabrics.cmtextiles.com\/fr\/wp-json\/wp\/v2\/product"}],"about":[{"href":"https:\/\/fabrics.cmtextiles.com\/fr\/wp-json\/wp\/v2\/types\/product"}],"wp:featuredmedia":[{"embeddable":true,"href":"https:\/\/fabrics.cmtextiles.com\/fr\/wp-json\/wp\/v2\/media\/1044738"}],"wp:attachment":[{"href":"https:\/\/fabrics.cmtextiles.com\/fr\/wp-json\/wp\/v2\/media?parent=22833"}],"wp:term":[{"taxonomy":"product_brand","embeddable":true,"href":"https:\/\/fabrics.cmtextiles.com\/fr\/wp-json\/wp\/v2\/product_brand?post=22833"},{"taxonomy":"product_cat","embeddable":true,"href":"https:\/\/fabrics.cmtextiles.com\/fr\/wp-json\/wp\/v2\/product_cat?post=22833"},{"taxonomy":"product_tag","embeddable":true,"href":"https:\/\/fabrics.cmtextiles.com\/fr\/wp-json\/wp\/v2\/product_tag?post=22833"}],"curies":[{"name":"wp","href":"https:\/\/api.w.org\/{rel}","templated":true}]}}